{"id":166,"date":"2022-09-04T16:18:00","date_gmt":"2022-09-04T14:18:00","guid":{"rendered":"https:\/\/bebomatic.be\/?page_id=166"},"modified":"2022-09-04T18:05:17","modified_gmt":"2022-09-04T16:05:17","slug":"bonjour-ceci-est-une-page-de-test","status":"publish","type":"page","link":"https:\/\/bebomatic.be\/?page_id=166","title":{"rendered":"L HIBERNATION \/ D\u00e9marrage rapide Windows, pourquoi la d\u00e9sactiver?"},"content":{"rendered":"<span class=\"span-reading-time rt-reading-time\" style=\"display: block;\"><span class=\"rt-label rt-prefix\">Temps de lecture\u00a0: <\/span> <span class=\"rt-time\"> 3<\/span> <span class=\"rt-label rt-postfix\">minutes<\/span><\/span>\n<p>Depuis des ann\u00e9es nos ordinateurs \u00e9taient \u00e9quip\u00e9s  de disque dur m\u00e9caniques, mais depuis quelques ann\u00e9es, les disques dur m\u00e9caniques commencent \u00e0 laisser la place aux stockage solide appel\u00e9 plus commun\u00e9ment SSD<\/p>\n\n\n\n<figure class=\"wp-block-image size-large is-resized\"><img loading=\"lazy\" decoding=\"async\" src=\"https:\/\/bebomatic.be\/wp-content\/uploads\/2022\/09\/disc-gc27ec921f_1280-1024x682.jpg\" alt=\"\" class=\"wp-image-134\" width=\"302\" height=\"201\"\/><figcaption>L&rsquo; int\u00e9rieur d&rsquo; un disque dur m\u00e9canique<\/figcaption><\/figure>\n\n\n\n<figure class=\"wp-block-image size-large is-resized\"><img loading=\"lazy\" decoding=\"async\" src=\"https:\/\/bebomatic.be\/wp-content\/uploads\/2022\/09\/data-storage-319844_1280-1024x768.jpg\" alt=\"\" class=\"wp-image-135\" width=\"301\" height=\"226\"\/><figcaption>L&rsquo; image d&rsquo; un disque dur SSD en SATA 2.5 Pouces Image par <a href=\"https:\/\/pixabay.com\/fr\/users\/pagefact-156988\/?utm_source=link-attribution&amp;utm_medium=referral&amp;utm_campaign=image&amp;utm_content=319844\">pagefact<\/a> de <a href=\"https:\/\/pixabay.com\/fr\/\/?utm_source=link-attribution&amp;utm_medium=referral&amp;utm_campaign=image&amp;utm_content=319844\">Pixabay<\/a><\/figcaption><\/figure>\n\n\n\n<p>Un SSD est compos\u00e9 d&rsquo; une s\u00e9rie de puces reli\u00e9 \u00e0 un contr\u00f4leur qui organise tout cela et qui effectue la r\u00e9partition d&rsquo; usure<\/p>\n\n\n\n<figure class=\"wp-block-image size-large is-resized\"><img loading=\"lazy\" decoding=\"async\" src=\"https:\/\/bebomatic.be\/wp-content\/uploads\/2022\/09\/solid-state-drive-6158470_1280-1024x682.jpg\" alt=\"\" class=\"wp-image-136\" width=\"299\" height=\"199\"\/><figcaption>L&rsquo; int\u00e9tieur d&rsquo; un stockage solide, on verra la diff\u00e9rence avec les disque durs d&rsquo; ancienne g\u00e9n\u00e9ration Image par <a href=\"https:\/\/pixabay.com\/fr\/users\/manseok_kim-1005494\/?utm_source=link-attribution&amp;utm_medium=referral&amp;utm_campaign=image&amp;utm_content=6158470\">manseok Kim<\/a> de <a href=\"https:\/\/pixabay.com\/fr\/\/?utm_source=link-attribution&amp;utm_medium=referral&amp;utm_campaign=image&amp;utm_content=6158470\">Pixabay<\/a><\/figcaption><\/figure>\n\n\n\n<p>Malheureusement, les SSD sont aussi reconnu pour avoir une dur\u00e9e de vie cadenc\u00e9e par le cycle de lecture \/ \u00e9criture<\/p>\n\n\n\n<p>Il existe aussi la technologie non amovible appel\u00e9e EMMC, c&rsquo; est le tout en une seule puce, cette derni\u00e8re est utilis\u00e9e dans les smartphone, les box android, Apple TV, et commence \u00e0 faire son apparition dans les voitures<\/p>\n\n\n\n<figure class=\"wp-block-image size-full is-resized\"><img loading=\"lazy\" decoding=\"async\" src=\"https:\/\/bebomatic.be\/wp-content\/uploads\/2022\/09\/emmc.png\" alt=\"\" class=\"wp-image-138\" width=\"313\" height=\"344\"\/><figcaption>La m\u00e9moire EMMC est souvent soud\u00e9e directement \u00e0 la carte m\u00e8re ce qui rend l&rsquo; appareil \u00e9conomiquement irr\u00e9parable en cas de d\u00e9faillance<br>Source : <a rel=\"noreferrer noopener\" href=\"https:\/\/nl.aliexpress.com\/store\/1270976\" target=\"_blank\">DIYzone Store<\/a> D&rsquo; Aliexpress.com<\/figcaption><\/figure>\n\n\n\n<p>Cependant, entre temps, Microsoft a impl\u00e9ment\u00e9 une fonction int\u00e9ressante qui, \u00e0 l&rsquo; \u00e9poque des disques durs traditionnels, permettait un d\u00e9marrage rapide, ce qui consistait \u00e0 sauvegarder la m\u00e9moire dans le disque dur afin de red\u00e9marrer plus rapidement le pc<\/p>\n\n\n\n<p>Ceci \u00e9tait bien pratique pour les disque durs, par contre pour les SSD, cela provoque une usure pr\u00e9matur\u00e9e qui peut r\u00e9duire la dur\u00e9e de vie de ce dernier<\/p>\n\n\n\n<p>Afin de palier \u00e0 ce probl\u00e8me, il est possible d&rsquo; effectuer une ligne de commande qui d\u00e9sactive ces options d&rsquo; hibernation et qui peut en plus vous faire gagner un peu d&rsquo; espace<\/p>\n\n\n\n<p>Pour faire ceci, nous ouvrirons une ligne de commande en tant q&rsquo; administrateur par un clic sur le menu d\u00e9marrer<\/p>\n\n\n\n<figure class=\"wp-block-image size-full\"><img decoding=\"async\" src=\"https:\/\/bebomatic.be\/wp-content\/uploads\/2022\/09\/1.png\" alt=\"\" class=\"wp-image-140\"\/><\/figure>\n\n\n\n<p>Nous \u00e9criront \u00ab\u00a0cmd\u00a0\u00bb et nous cliquerons sur ouvrir en tant q&rsquo; administrateur,<\/p>\n\n\n\n<figure class=\"wp-block-image size-full\"><img decoding=\"async\" src=\"https:\/\/bebomatic.be\/wp-content\/uploads\/2022\/09\/2.png\" alt=\"\" class=\"wp-image-141\"\/><figcaption>Dans la barre de recherche, nous \u00e9crivons CMD<\/figcaption><\/figure>\n\n\n\n<figure class=\"wp-block-image size-full\"><img decoding=\"async\" src=\"https:\/\/bebomatic.be\/wp-content\/uploads\/2022\/09\/3.png\" alt=\"\" class=\"wp-image-142\"\/><figcaption>Nous allons cliquer sur \u00ab\u00a0\u00e9xecuter en tant q&rsquo; administrateur\u00a0\u00bb<\/figcaption><\/figure>\n\n\n\n<figure class=\"wp-block-image size-full is-resized\"><img loading=\"lazy\" decoding=\"async\" src=\"https:\/\/bebomatic.be\/wp-content\/uploads\/2022\/09\/4.png\" alt=\"\" class=\"wp-image-143\" width=\"589\" height=\"402\"\/><figcaption>apr\u00e8s avoir cliqu\u00e9 sur oui dans la fen\u00eatre de contr\u00f4le de l &lsquo; utilisateur,<\/figcaption><\/figure>\n\n\n\n<figure class=\"wp-block-image size-full\"><img decoding=\"async\" src=\"https:\/\/bebomatic.be\/wp-content\/uploads\/2022\/09\/5.png\" alt=\"\" class=\"wp-image-144\"\/><figcaption>L&rsquo; invite de comme va s&rsquo; ouvrir, nous y \u00e9criront \u00ab\u00a0powercfg \/hibernate off\u00a0\u00bb<\/figcaption><\/figure>\n\n\n\n<figure class=\"wp-block-image size-full\"><img decoding=\"async\" src=\"https:\/\/bebomatic.be\/wp-content\/uploads\/2022\/09\/6.png\" alt=\"\" class=\"wp-image-145\"\/><figcaption>Le curseur reviendra \u00e0 la ligne, parfait vous aurez d\u00e9sactiv\u00e9 l&rsquo; hibernation<\/figcaption><\/figure>\n\n\n\n<p><br><br><\/p>\n\n\n\n<p>Je vous met la vid\u00e9o d un youtubeur qui expliquera les probl\u00e8me li\u00e9s au d\u00e9marrage rapide<\/p>\n\n\n\n<figure class=\"wp-block-embed is-type-video is-provider-youtube wp-block-embed-youtube wp-embed-aspect-16-9 wp-has-aspect-ratio\"><div class=\"wp-block-embed__wrapper\">\n<iframe loading=\"lazy\" title=\"N&#039;Arr\u00eatez PAS votre ordinateur. Voici pourquoi\" width=\"640\" height=\"360\" src=\"https:\/\/www.youtube.com\/embed\/2m4yzBrQC_A?feature=oembed\" frameborder=\"0\" allow=\"accelerometer; autoplay; clipboard-write; encrypted-media; gyroscope; picture-in-picture; web-share\" referrerpolicy=\"strict-origin-when-cross-origin\" allowfullscreen><\/iframe>\n<\/div><\/figure>\n\n\n\n<p><\/p>\n","protected":false},"excerpt":{"rendered":"<p><span class=\"span-reading-time rt-reading-time\" style=\"display: block;\"><span class=\"rt-label rt-prefix\">Temps de lecture\u00a0: <\/span> <span class=\"rt-time\"> 3<\/span> <span class=\"rt-label rt-postfix\">minutes<\/span><\/span>Depuis des ann\u00e9es nos ordinateurs \u00e9taient \u00e9quip\u00e9s de disque dur m\u00e9caniques, mais depuis quelques ann\u00e9es, les disques dur m\u00e9caniques commencent \u00e0 laisser la place aux stockage solide appel\u00e9 plus commun\u00e9ment SSD Un SSD est compos\u00e9 d&rsquo; une s\u00e9rie de puces reli\u00e9 \u00e0 un contr\u00f4leur qui organise tout cela et qui effectue la r\u00e9partition d&rsquo; usure &hellip; <\/p>\n<p class=\"link-more\"><a href=\"https:\/\/bebomatic.be\/?page_id=166\" class=\"more-link\">Continuer la lecture <span class=\"screen-reader-text\"> \u00ab\u00a0L HIBERNATION \/ D\u00e9marrage rapide Windows, pourquoi la d\u00e9sactiver?\u00a0\u00bb<\/span><\/a><\/p>\n","protected":false},"author":1,"featured_media":0,"parent":0,"menu_order":0,"comment_status":"closed","ping_status":"closed","template":"","meta":{"footnotes":""},"class_list":["post-166","page","type-page","status-publish","hentry","entry"],"_links":{"self":[{"href":"https:\/\/bebomatic.be\/index.php?rest_route=\/wp\/v2\/pages\/166","targetHints":{"allow":["GET"]}}],"collection":[{"href":"https:\/\/bebomatic.be\/index.php?rest_route=\/wp\/v2\/pages"}],"about":[{"href":"https:\/\/bebomatic.be\/index.php?rest_route=\/wp\/v2\/types\/page"}],"author":[{"embeddable":true,"href":"https:\/\/bebomatic.be\/index.php?rest_route=\/wp\/v2\/users\/1"}],"replies":[{"embeddable":true,"href":"https:\/\/bebomatic.be\/index.php?rest_route=%2Fwp%2Fv2%2Fcomments&post=166"}],"version-history":[{"count":3,"href":"https:\/\/bebomatic.be\/index.php?rest_route=\/wp\/v2\/pages\/166\/revisions"}],"predecessor-version":[{"id":415,"href":"https:\/\/bebomatic.be\/index.php?rest_route=\/wp\/v2\/pages\/166\/revisions\/415"}],"wp:attachment":[{"href":"https:\/\/bebomatic.be\/index.php?rest_route=%2Fwp%2Fv2%2Fmedia&parent=166"}],"curies":[{"name":"wp","href":"https:\/\/api.w.org\/{rel}","templated":true}]}}