{"id":535,"date":"2022-10-03T23:15:43","date_gmt":"2022-10-03T21:15:43","guid":{"rendered":"https:\/\/bebomatic.be\/?page_id=535"},"modified":"2022-10-03T23:15:43","modified_gmt":"2022-10-03T21:15:43","slug":"ajout-de-la-ligne-i-dont-care-about-cookies-a-l-extension-ublock-origin","status":"publish","type":"page","link":"https:\/\/bebomatic.be\/?page_id=535","title":{"rendered":"Ajout de la ligne I dont care about cookies \u00e0 l extension Ublock Origin"},"content":{"rendered":"<span class=\"span-reading-time rt-reading-time\" style=\"display: block;\"><span class=\"rt-label rt-prefix\">Temps de lecture\u00a0: <\/span> <span class=\"rt-time\"> 3<\/span> <span class=\"rt-label rt-postfix\">minutes<\/span><\/span>\n<p>Suite de CET ARTICLE sur l&rsquo; installation de l&rsquo; extension I dont care About Cookies <\/p>\n\n\n\n<p>Ici dans Edge, en suivant sensiblement la m\u00eame proc\u00e9dure nous nous dirigerons vers cette page<br><a href=\"https:\/\/microsoftedge.microsoft.com\/addons\/detail\/ublock-origin\/odfafepnkmbhccpbejgmiehpchacaeak?hl=en-US\" target=\"_blank\" rel=\"noreferrer noopener\">Ublock Origin<\/a><\/p>\n\n\n\n<p>Une fois Ublock Origin install\u00e9, ce dernier sera disponible via le menu des extensions<\/p>\n\n\n\n<figure class=\"wp-block-image size-large\"><img decoding=\"async\" src=\"https:\/\/bebomatic.be\/wp-content\/uploads\/2022\/10\/Capture-decran-2022-10-03-225202-1024x419.png\" alt=\"\" class=\"wp-image-536\"\/><\/figure>\n\n\n\n<p class=\"has-white-background-color has-background\">Cliquant sur celui ci, nous acc\u00e9deront \u00e0 ce menu, l interface de Ublock Origin s&rsquo; affichera \u00e0 nous<\/p>\n\n\n\n<figure class=\"wp-block-image size-full\"><img decoding=\"async\" src=\"https:\/\/bebomatic.be\/wp-content\/uploads\/2022\/10\/Capture-decran-2022-10-03-225505.png\" alt=\"\" class=\"wp-image-537\"\/><\/figure>\n\n\n\n<p>Nous allons cliquer sur la roue crant\u00e9e juste au dessus du Moins<\/p>\n\n\n\n<p>Et c&rsquo; est ici que nous allons bien penser \u00e0 aller sur la liste des filtre, et nous rendre tout en bas de cette page<\/p>\n\n\n\n<figure class=\"wp-block-image size-large\"><img decoding=\"async\" src=\"https:\/\/bebomatic.be\/wp-content\/uploads\/2022\/10\/Capture-decran-2022-10-03-225842-1024x636.png\" alt=\"\" class=\"wp-image-538\"\/><\/figure>\n\n\n\n<p>Ici, nous cliquerons sur importer afin d&rsquo; y ajouter notre liste<br>\u00ab\u00a0https:\/\/www.i-dont-care-about-cookies.eu\/abp\/\u00a0\u00bb<\/p>\n\n\n\n<figure class=\"wp-block-gallery has-nested-images columns-default is-cropped wp-block-gallery-1 is-layout-flex wp-block-gallery-is-layout-flex\">\n<figure class=\"wp-block-image size-large\"><img decoding=\"async\" data-id=\"539\" src=\"https:\/\/bebomatic.be\/wp-content\/uploads\/2022\/10\/Capture-decran-2022-10-03-230106.png\" alt=\"\" class=\"wp-image-539\"\/><figcaption><strong><mark style=\"background-color:rgba(0, 0, 0, 0)\" class=\"has-inline-color has-dark-gray-color\">Apres avoir cliqu\u00e9 sur la case, nous ajoutons l url et cliquerons sur appliquer<\/mark><\/strong><\/figcaption><\/figure>\n\n\n\n<figure class=\"wp-block-image size-large\"><img decoding=\"async\" data-id=\"540\" src=\"https:\/\/bebomatic.be\/wp-content\/uploads\/2022\/10\/Capture-decran-2022-10-03-230134.png\" alt=\"\" class=\"wp-image-540\"\/><figcaption><mark style=\"background-color:rgba(0, 0, 0, 0)\" class=\"has-inline-color has-dark-gray-color\"><strong>La liste est enfin ajout\u00e9e, il vous reste \u00e0 visiter tranquillement vos sites<\/strong><\/mark><\/figcaption><\/figure>\n<\/figure>\n\n\n\n<p>Donc, apres avoir cliqu\u00e9 sur \u00ab\u00a0importer\u00a0\u00bb dans \u00ab\u00a0vos prepres listes\u00a0\u00bb, vous aurez enfin ajout\u00e9 votre liste de blocage des popup des cookies<\/p>\n\n\n\n<figure class=\"wp-block-image size-full is-resized\"><img loading=\"lazy\" decoding=\"async\" src=\"https:\/\/bebomatic.be\/wp-content\/uploads\/2022\/10\/communication_information_aid_disclaimer_customer_service_about_guide_help_info_icon_2108361.png\" alt=\"\" class=\"wp-image-520\" width=\"150\" height=\"150\"\/><\/figure>\n\n\n\n<p>Et bien oui, il y a encore le grand discours moralisateur,<br>Utilisant cette extension, vous etes susceptibles de bloquer les pubs de certains sites, les privant de leurs revenus, alors q&rsquo; ils ont \u00e9crit l&rsquo; article qui vous aura fait plaisir<br>Donc, le cas ou vous trouvez un site super et qui le m\u00e9rite &#8230;.<br>On se redirigera ver le menu d&rsquo; ublock &#8230;<\/p>\n\n\n\n<figure class=\"wp-block-gallery has-nested-images columns-default is-cropped wp-block-gallery-2 is-layout-flex wp-block-gallery-is-layout-flex\">\n<figure class=\"wp-block-image size-large\"><img decoding=\"async\" data-id=\"536\" src=\"https:\/\/bebomatic.be\/wp-content\/uploads\/2022\/10\/Capture-decran-2022-10-03-225202.png\" alt=\"\" class=\"wp-image-536\"\/><\/figure>\n\n\n\n<figure class=\"wp-block-image size-large\"><img decoding=\"async\" data-id=\"537\" src=\"https:\/\/bebomatic.be\/wp-content\/uploads\/2022\/10\/Capture-decran-2022-10-03-225505.png\" alt=\"\" class=\"wp-image-537\"\/><\/figure>\n<\/figure>\n\n\n\n<p>et par la suite, nous d\u00e9sactiveront Ublock pour cette page en cliquant sur cette \u00a0\u00bb icone de veille \u00ab\u00a0<\/p>\n\n\n\n<figure class=\"wp-block-image size-full\"><img decoding=\"async\" src=\"https:\/\/bebomatic.be\/wp-content\/uploads\/2022\/10\/Capture-decran-2022-10-03-230911.png\" alt=\"\" class=\"wp-image-541\"\/><\/figure>\n\n\n\n<p>Oui, les cookies vont r\u00e9apparaitre, les pubs \u00e9galement, mais c&rsquo; est une maniere de r\u00e9mun\u00e9rer le concepteur du site pour le travail exceptionnel fourni, car, bloquant les sources de revenus, on risque de se diriger tout doucement vers la mort d&rsquo; excellents site, ou le passage au tout payant<\/p>\n\n\n\n<p><br>Merci de m&rsquo; avoir lu et bon surf<\/p>\n","protected":false},"excerpt":{"rendered":"<p><span class=\"span-reading-time rt-reading-time\" style=\"display: block;\"><span class=\"rt-label rt-prefix\">Temps de lecture\u00a0: <\/span> <span class=\"rt-time\"> 3<\/span> <span class=\"rt-label rt-postfix\">minutes<\/span><\/span>Suite de CET ARTICLE sur l&rsquo; installation de l&rsquo; extension I dont care About Cookies Ici dans Edge, en suivant sensiblement la m\u00eame proc\u00e9dure nous nous dirigerons vers cette pageUblock Origin Une fois Ublock Origin install\u00e9, ce dernier sera disponible via le menu des extensions Cliquant sur celui ci, nous acc\u00e9deront \u00e0 ce menu, l &hellip; <\/p>\n<p class=\"link-more\"><a href=\"https:\/\/bebomatic.be\/?page_id=535\" class=\"more-link\">Continuer la lecture <span class=\"screen-reader-text\"> \u00ab\u00a0Ajout de la ligne I dont care about cookies \u00e0 l extension Ublock Origin\u00a0\u00bb<\/span><\/a><\/p>\n","protected":false},"author":1,"featured_media":0,"parent":0,"menu_order":0,"comment_status":"closed","ping_status":"closed","template":"","meta":{"footnotes":""},"class_list":["post-535","page","type-page","status-publish","hentry","entry"],"_links":{"self":[{"href":"https:\/\/bebomatic.be\/index.php?rest_route=\/wp\/v2\/pages\/535","targetHints":{"allow":["GET"]}}],"collection":[{"href":"https:\/\/bebomatic.be\/index.php?rest_route=\/wp\/v2\/pages"}],"about":[{"href":"https:\/\/bebomatic.be\/index.php?rest_route=\/wp\/v2\/types\/page"}],"author":[{"embeddable":true,"href":"https:\/\/bebomatic.be\/index.php?rest_route=\/wp\/v2\/users\/1"}],"replies":[{"embeddable":true,"href":"https:\/\/bebomatic.be\/index.php?rest_route=%2Fwp%2Fv2%2Fcomments&post=535"}],"version-history":[{"count":1,"href":"https:\/\/bebomatic.be\/index.php?rest_route=\/wp\/v2\/pages\/535\/revisions"}],"predecessor-version":[{"id":542,"href":"https:\/\/bebomatic.be\/index.php?rest_route=\/wp\/v2\/pages\/535\/revisions\/542"}],"wp:attachment":[{"href":"https:\/\/bebomatic.be\/index.php?rest_route=%2Fwp%2Fv2%2Fmedia&parent=535"}],"curies":[{"name":"wp","href":"https:\/\/api.w.org\/{rel}","templated":true}]}}