{"id":938,"date":"2023-03-16T21:31:26","date_gmt":"2023-03-16T20:31:26","guid":{"rendered":"https:\/\/bebomatic.be\/?page_id=938"},"modified":"2023-03-16T21:42:51","modified_gmt":"2023-03-16T20:42:51","slug":"instruction-pour-la-mise-en-place-des-dns-sur-microsoft-windows","status":"publish","type":"page","link":"https:\/\/bebomatic.be\/?page_id=938","title":{"rendered":"Instruction pour la mise en place des Dns sur Microsoft Windows"},"content":{"rendered":"<span class=\"span-reading-time rt-reading-time\" style=\"display: block;\"><span class=\"rt-label rt-prefix\">Temps de lecture\u00a0: <\/span> <span class=\"rt-time\"> 4<\/span> <span class=\"rt-label rt-postfix\">minutes<\/span><\/span>\n<p>Bien s\u00fbr ! Voici un tutoriel \u00e9tape par \u00e9tape pour configurer le DNS s\u00e9curis\u00e9 d&rsquo;AdGuard sous Windows :<\/p>\n\n\n\n<p>\u00c9tape 1 : Ouvrez le Panneau de configuration<\/p>\n\n\n\n<ol class=\"wp-block-list\">\n<li>Cliquez sur le bouton \u00ab\u00a0D\u00e9marrer\u00a0\u00bb dans le coin inf\u00e9rieur gauche de l&rsquo;\u00e9cran.<\/li>\n\n\n\n<li>Tapez \u00ab\u00a0Panneau de configuration\u00a0\u00bb dans la barre de recherche, puis cliquez sur l&rsquo;application \u00ab\u00a0Panneau de configuration\u00a0\u00bb dans les r\u00e9sultats de la recherche.<\/li>\n<\/ol>\n\n\n\n<figure class=\"wp-block-image size-full\"><img decoding=\"async\" src=\"https:\/\/bebomatic.be\/wp-content\/uploads\/2023\/03\/Dnsonwin_1.png\" alt=\"\" class=\"wp-image-944\"\/><figcaption class=\"wp-element-caption\">Cliquez sur le bouton \u00ab\u00a0D\u00e9marrer\u00a0\u00bb dans le coin inf\u00e9rieur gauche de l&rsquo;\u00e9cran.<\/figcaption><\/figure>\n\n\n\n<figure class=\"wp-block-image size-large\"><img decoding=\"async\" src=\"https:\/\/bebomatic.be\/wp-content\/uploads\/2023\/03\/Dnsonwin_2-1024x705.png\" alt=\"\" class=\"wp-image-946\"\/><figcaption class=\"wp-element-caption\">Tapez \u00ab\u00a0Panneau de configuration\u00a0\u00bb dans la barre de recherche, puis cliquez sur l&rsquo;application \u00ab\u00a0Panneau de configuration\u00a0\u00bb dans les r\u00e9sultats de la recherche.<\/figcaption><\/figure>\n\n\n\n<p>\u00c9tape 2 : Acc\u00e9dez aux param\u00e8tres de la carte r\u00e9seau<\/p>\n\n\n\n<ol class=\"wp-block-list\">\n<li>Dans le Panneau de configuration, cliquez sur \u00ab\u00a0R\u00e9seau et Internet\u00a0\u00bb.<\/li>\n\n\n\n<li>Ensuite, cliquez sur \u00ab\u00a0Centre R\u00e9seau et partage\u00a0\u00bb.<\/li>\n\n\n\n<li>Dans la nouvelle fen\u00eatre, cliquez sur \u00ab\u00a0Modifier les param\u00e8tres de la carte\u00a0\u00bb sur le c\u00f4t\u00e9 gauche.<\/li>\n<\/ol>\n\n\n\n<figure class=\"wp-block-image size-full\"><img decoding=\"async\" src=\"https:\/\/bebomatic.be\/wp-content\/uploads\/2023\/03\/PANNEL.png\" alt=\"\" class=\"wp-image-947\"\/><figcaption class=\"wp-element-caption\">Dans le Panneau de configuration, cliquez sur \u00ab\u00a0R\u00e9seau et Internet\u00a0\u00bb.<\/figcaption><\/figure>\n\n\n\n<figure class=\"wp-block-image size-full\"><img decoding=\"async\" src=\"https:\/\/bebomatic.be\/wp-content\/uploads\/2023\/03\/Dnsonwin_4.png\" alt=\"\" class=\"wp-image-948\"\/><figcaption class=\"wp-element-caption\">Ensuite, cliquez sur \u00ab\u00a0Centre R\u00e9seau et partage\u00a0\u00bb.<\/figcaption><\/figure>\n\n\n\n<figure class=\"wp-block-image size-full\"><img decoding=\"async\" src=\"https:\/\/bebomatic.be\/wp-content\/uploads\/2023\/03\/Dnsonwin_5.png\" alt=\"\" class=\"wp-image-951\"\/><figcaption class=\"wp-element-caption\">Dans la nouvelle fen\u00eatre, cliquez sur \u00ab\u00a0Modifier les param\u00e8tres de la carte\u00a0\u00bb sur le c\u00f4t\u00e9 gauche.<\/figcaption><\/figure>\n\n\n\n<p>\u00c9tape 3 : Modifiez les param\u00e8tres DNS de votre connexion<\/p>\n\n\n\n<ol class=\"wp-block-list\">\n<li>Dans la fen\u00eatre \u00ab\u00a0Connexions r\u00e9seau\u00a0\u00bb, faites un clic droit sur la connexion que vous souhaitez modifier (par exemple, \u00ab\u00a0Connexion au r\u00e9seau local\u00a0\u00bb pour une connexion Ethernet ou \u00ab\u00a0Wi-Fi\u00a0\u00bb pour une connexion sans fil), puis cliquez sur \u00ab\u00a0Propri\u00e9t\u00e9s\u00a0\u00bb.\n<ul class=\"wp-block-list\"><\/ul>\n<\/li>\n\n\n\n<li>Dans la fen\u00eatre \u00ab\u00a0Propri\u00e9t\u00e9s\u00a0\u00bb, faites d\u00e9filer jusqu&rsquo;\u00e0 \u00ab\u00a0Protocole Internet version 4 (TCP\/IPv4)\u00a0\u00bb et cliquez dessus pour le s\u00e9lectionner. Cliquez ensuite sur le bouton \u00ab\u00a0Propri\u00e9t\u00e9s\u00a0\u00bb en dessous.<\/li>\n\n\n\n<li>Dans la fen\u00eatre \u00ab\u00a0Propri\u00e9t\u00e9s de Protocole Internet version 4 (TCP\/IPv4)\u00a0\u00bb, s\u00e9lectionnez l&rsquo;option \u00ab\u00a0Utiliser l&rsquo;adresse de serveur DNS suivante\u00a0\u00bb.<\/li>\n\n\n\n<li>Entrez les adresses des serveurs DNS s\u00e9curis\u00e9s d&rsquo;AdGuard dans les champs \u00ab\u00a0Serveur DNS pr\u00e9f\u00e9r\u00e9\u00a0\u00bb et \u00ab\u00a0Serveur DNS auxiliaire\u00a0\u00bb :\n<ul class=\"wp-block-list\">\n<li>Pour AdGuard DNS (non filtr\u00e9) :\n<ul class=\"wp-block-list\">\n<li>Serveur DNS pr\u00e9f\u00e9r\u00e9 : 94.140.14.14<\/li>\n\n\n\n<li>Serveur DNS auxiliaire : 94.140.15.15<\/li>\n<\/ul>\n<\/li>\n\n\n\n<li>Pour AdGuard DNS (filtr\u00e9) :\n<ul class=\"wp-block-list\">\n<li>Serveur DNS pr\u00e9f\u00e9r\u00e9 : 94.140.14.15<\/li>\n\n\n\n<li>Serveur DNS auxiliaire : 94.140.15.16<\/li>\n<\/ul>\n<\/li>\n\n\n\n<li>Pour AdGuard DNS Family Protection :\n<ul class=\"wp-block-list\">\n<li>Serveur DNS pr\u00e9f\u00e9r\u00e9 : 94.140.14.140<\/li>\n\n\n\n<li>Serveur DNS auxiliaire : 94.140.15.141<\/li>\n<\/ul>\n<\/li>\n<\/ul>\n<\/li>\n\n\n\n<li>Cliquez sur \u00ab\u00a0OK\u00a0\u00bb pour enregistrer les modifications, puis cliquez \u00e0 nouveau sur \u00ab\u00a0OK\u00a0\u00bb dans la fen\u00eatre \u00ab\u00a0Propri\u00e9t\u00e9s\u00a0\u00bb.<\/li>\n<\/ol>\n\n\n\n<figure class=\"wp-block-image size-full\"><img decoding=\"async\" src=\"https:\/\/bebomatic.be\/wp-content\/uploads\/2023\/03\/Dnsonwin_8.png\" alt=\"\" class=\"wp-image-952\"\/><figcaption class=\"wp-element-caption\">Dans la fen\u00eatre \u00ab\u00a0Connexions r\u00e9seau\u00a0\u00bb, faites un clic droit sur la connexion que vous souhaitez modifier (par exemple, \u00ab\u00a0Connexion au r\u00e9seau local\u00a0\u00bb pour une connexion Ethernet ou \u00ab\u00a0Wi-Fi\u00a0\u00bb pour une connexion sans fil), puis cliquez sur \u00ab\u00a0Propri\u00e9t\u00e9s\u00a0\u00bb.<\/figcaption><\/figure>\n\n\n\n<figure class=\"wp-block-image size-full\"><img decoding=\"async\" src=\"https:\/\/bebomatic.be\/wp-content\/uploads\/2023\/03\/Dnsonwin_9.png\" alt=\"\" class=\"wp-image-953\"\/><figcaption class=\"wp-element-caption\">Dans la fen\u00eatre \u00ab\u00a0Propri\u00e9t\u00e9s\u00a0\u00bb, faites d\u00e9filer jusqu&rsquo;\u00e0 \u00ab\u00a0Protocole Internet version 4 (TCP\/IPv4)\u00a0\u00bb et cliquez dessus pour le s\u00e9lectionner. Cliquez ensuite sur le bouton \u00ab\u00a0Propri\u00e9t\u00e9s\u00a0\u00bb en dessous.<\/figcaption><\/figure>\n\n\n\n<figure class=\"wp-block-image size-full\"><img decoding=\"async\" src=\"https:\/\/bebomatic.be\/wp-content\/uploads\/2023\/03\/Dnsonwin_10.png\" alt=\"\" class=\"wp-image-954\"\/><figcaption class=\"wp-element-caption\">Dans la fen\u00eatre \u00ab\u00a0Propri\u00e9t\u00e9s de Protocole Internet version 4 (TCP\/IPv4)\u00a0\u00bb, s\u00e9lectionnez l&rsquo;option \u00ab\u00a0Utiliser l&rsquo;adresse de serveur DNS suivante<br>Entrez les adresses des serveurs DNS s\u00e9curis\u00e9s d&rsquo;AdGuard dans les champs \u00ab\u00a0Serveur DNS pr\u00e9f\u00e9r\u00e9\u00a0\u00bb et \u00ab\u00a0Serveur DNS auxiliaire\u00a0\u00bb<\/figcaption><\/figure>\n\n\n\n<p>\u00c9tape 4 : Videz le cache DNS et red\u00e9marrez la connexion<\/p>\n\n\n\n<ol class=\"wp-block-list\">\n<li>Appuyez sur les touches \u00ab\u00a0Win + X\u00a0\u00bb de votre clavier et cliquez sur \u00ab\u00a0Invite de commandes (admin)\u00a0\u00bb ou \u00ab\u00a0Windows PowerShell (admin)\u00a0\u00bb dans le menu contextuel.<\/li>\n\n\n\n<li>Dans la fen\u00eatre d&rsquo;invite de commandes ou de PowerShell, tapez la commande suivante et appuyez sur \u00ab\u00a0Entr\u00e9e\u00a0\u00bb : <code>ipconfig \/flushdns<\/code><\/li>\n\n\n\n<li>Red\u00e9marrez votre connexion r\u00e9seau en d\u00e9sactivant puis r\u00e9activant la connexion que vous avez modifi\u00e9e \u00e0 l&rsquo;\u00e9tape 3.<\/li>\n<\/ol>\n\n\n\n<figure class=\"wp-block-image size-full\"><img decoding=\"async\" src=\"https:\/\/bebomatic.be\/wp-content\/uploads\/2023\/03\/Dnsonwin_11.png\" alt=\"\" class=\"wp-image-958\"\/><figcaption class=\"wp-element-caption\">Appuyez sur les touches \u00ab\u00a0Win + X\u00a0\u00bb de votre clavier et cliquez sur \u00ab\u00a0Invite de commandes (admin)\u00a0\u00bb ou \u00ab\u00a0Windows PowerShell (admin)\u00a0\u00bb dans le menu contextuel.<\/figcaption><\/figure>\n\n\n\n<figure class=\"wp-block-image size-full\"><img decoding=\"async\" src=\"https:\/\/bebomatic.be\/wp-content\/uploads\/2023\/03\/Dnsonwin_12.png\" alt=\"\" class=\"wp-image-959\"\/><figcaption class=\"wp-element-caption\">Acceptez l&rsquo; invite du contr\u00f4le du compte d&rsquo; utilisateur en cliquant sur \u00ab\u00a0oui\u00a0\u00bb<\/figcaption><\/figure>\n\n\n\n<figure class=\"wp-block-image size-full\"><img decoding=\"async\" src=\"https:\/\/bebomatic.be\/wp-content\/uploads\/2023\/03\/Dnsonwin_13.png\" alt=\"\" class=\"wp-image-960\"\/><figcaption class=\"wp-element-caption\">Dans la fen\u00eatre d&rsquo;invite de commandes ou de PowerShell, tapez la commande suivante et appuyez sur \u00ab\u00a0Entr\u00e9e\u00a0\u00bb : <code>ipconfig \/flushdns<\/code><\/figcaption><\/figure>\n\n\n\n<p>F\u00e9licitations ! Vous avez configur\u00e9 avec succ\u00e8s le DNS s\u00e9curis\u00e9 d&rsquo;AdGuard sous Windows. Votre navigation sur Internet devrait maintenant \u00eatre plus s\u00e9curis\u00e9e et prot\u00e9g\u00e9e contre les menaces en ligne.<\/p>\n\n\n\n<p>Article r\u00e9dig\u00e9 par Chatgpt-4, images de Louis sur la distribution Windows11 Tiny virtualis\u00e9e sur VirtualBox<\/p>\n","protected":false},"excerpt":{"rendered":"<p><span class=\"span-reading-time rt-reading-time\" style=\"display: block;\"><span class=\"rt-label rt-prefix\">Temps de lecture\u00a0: <\/span> <span class=\"rt-time\"> 4<\/span> <span class=\"rt-label rt-postfix\">minutes<\/span><\/span>Bien s\u00fbr ! Voici un tutoriel \u00e9tape par \u00e9tape pour configurer le DNS s\u00e9curis\u00e9 d&rsquo;AdGuard sous Windows : \u00c9tape 1 : Ouvrez le Panneau de configuration \u00c9tape 2 : Acc\u00e9dez aux param\u00e8tres de la carte r\u00e9seau \u00c9tape 3 : Modifiez les param\u00e8tres DNS de votre connexion \u00c9tape 4 : Videz le cache DNS et red\u00e9marrez &hellip; <\/p>\n<p class=\"link-more\"><a href=\"https:\/\/bebomatic.be\/?page_id=938\" class=\"more-link\">Continuer la lecture <span class=\"screen-reader-text\"> \u00ab\u00a0Instruction pour la mise en place des Dns sur Microsoft Windows\u00a0\u00bb<\/span><\/a><\/p>\n","protected":false},"author":1,"featured_media":0,"parent":0,"menu_order":0,"comment_status":"closed","ping_status":"closed","template":"","meta":{"footnotes":""},"class_list":["post-938","page","type-page","status-publish","hentry","entry"],"_links":{"self":[{"href":"https:\/\/bebomatic.be\/index.php?rest_route=\/wp\/v2\/pages\/938","targetHints":{"allow":["GET"]}}],"collection":[{"href":"https:\/\/bebomatic.be\/index.php?rest_route=\/wp\/v2\/pages"}],"about":[{"href":"https:\/\/bebomatic.be\/index.php?rest_route=\/wp\/v2\/types\/page"}],"author":[{"embeddable":true,"href":"https:\/\/bebomatic.be\/index.php?rest_route=\/wp\/v2\/users\/1"}],"replies":[{"embeddable":true,"href":"https:\/\/bebomatic.be\/index.php?rest_route=%2Fwp%2Fv2%2Fcomments&post=938"}],"version-history":[{"count":7,"href":"https:\/\/bebomatic.be\/index.php?rest_route=\/wp\/v2\/pages\/938\/revisions"}],"predecessor-version":[{"id":964,"href":"https:\/\/bebomatic.be\/index.php?rest_route=\/wp\/v2\/pages\/938\/revisions\/964"}],"wp:attachment":[{"href":"https:\/\/bebomatic.be\/index.php?rest_route=%2Fwp%2Fv2%2Fmedia&parent=938"}],"curies":[{"name":"wp","href":"https:\/\/api.w.org\/{rel}","templated":true}]}}