{"id":965,"date":"2023-03-17T13:53:50","date_gmt":"2023-03-17T12:53:50","guid":{"rendered":"https:\/\/bebomatic.be\/?page_id=965"},"modified":"2023-03-17T13:53:52","modified_gmt":"2023-03-17T12:53:52","slug":"comment-configurer-les-dns-sur-un-routeur-proximus-et-ainsi-proteger-toutes-les-personnes-connectees-a-votre-reseau","status":"publish","type":"page","link":"https:\/\/bebomatic.be\/?page_id=965","title":{"rendered":"Comment configurer les DNS sur un routeur Proximus et ainsi prot\u00e9ger toutes les personnes connect\u00e9es \u00e0 votre r\u00e9seau"},"content":{"rendered":"<span class=\"span-reading-time rt-reading-time\" style=\"display: block;\"><span class=\"rt-label rt-prefix\">Temps de lecture\u00a0: <\/span> <span class=\"rt-time\"> 2<\/span> <span class=\"rt-label rt-postfix\">minutes<\/span><\/span>\n<p>Voici un tutoriel \u00e9tape par \u00e9tape pour configurer AdGuard DNS sur un routeur Proximus.<\/p>\n\n\n\n<p>Avant de commencer, veuillez noter que les interfaces et les \u00e9tapes peuvent l\u00e9g\u00e8rement varier en fonction du mod\u00e8le sp\u00e9cifique de votre routeur.<\/p>\n\n\n\n<p>Vous devrez \u00e9galement avoir les identifiants d&rsquo;administration de votre routeur pour acc\u00e9der \u00e0 l&rsquo;interface de configuration.<\/p>\n\n\n\n<p>\u00c9tape 1 : Connectez-vous \u00e0 l&rsquo;interface d&rsquo;administration de votre routeur<\/p>\n\n\n\n<ol class=\"wp-block-list\">\n<li>Assurez-vous que votre appareil est connect\u00e9 au r\u00e9seau Wi-Fi de votre routeur Proximus.<\/li>\n\n\n\n<li>Ouvrez votre navigateur Web et tapez l&rsquo;adresse IP de votre routeur dans la barre d&rsquo;adresse. L&rsquo;adresse IP par d\u00e9faut des routeurs Proximus est g\u00e9n\u00e9ralement \u00ab\u00a0192.168.1.1\u00a0\u00bb ou \u00ab\u00a0192.168.0.1\u00a0\u00bb. Appuyez sur \u00ab\u00a0Entr\u00e9e\u00a0\u00bb.<\/li>\n\n\n\n<li>Entrez vos identifiants d&rsquo;administration (nom d&rsquo;utilisateur et mot de passe) pour vous connecter \u00e0 l&rsquo;interface de configuration de votre routeur. Si vous n&rsquo;avez pas modifi\u00e9 les identifiants par d\u00e9faut, ils devraient \u00eatre indiqu\u00e9s sur l&rsquo;autocollant situ\u00e9 \u00e0 l&rsquo;arri\u00e8re ou au-dessous de votre routeur.<\/li>\n<\/ol>\n\n\n\n<p>\u00c9tape 2 : Acc\u00e9dez aux param\u00e8tres DNS de votre routeur<\/p>\n\n\n\n<ol class=\"wp-block-list\">\n<li>Une fois connect\u00e9 \u00e0 l&rsquo;interface d&rsquo;administration, recherchez l&rsquo;onglet ou la section \u00ab\u00a0Param\u00e8tres avanc\u00e9s\u00a0\u00bb, \u00ab\u00a0R\u00e9seau\u00a0\u00bb ou \u00ab\u00a0Internet\u00a0\u00bb.<\/li>\n\n\n\n<li>Dans cette section, trouvez l&rsquo;option \u00ab\u00a0Param\u00e8tres DNS\u00a0\u00bb ou \u00ab\u00a0Serveur DNS\u00a0\u00bb. Le nom exact de cette option peut varier en fonction du mod\u00e8le de votre routeur.<\/li>\n<\/ol>\n\n\n\n<p>\u00c9tape 3 : Modifiez les param\u00e8tres DNS de votre routeur<\/p>\n\n\n\n<ol class=\"wp-block-list\">\n<li>Dans les param\u00e8tres DNS, s\u00e9lectionnez l&rsquo;option qui vous permet de d\u00e9finir manuellement les adresses des serveurs DNS.<\/li>\n\n\n\n<li>Entrez les adresses des serveurs DNS s\u00e9curis\u00e9s d&rsquo;AdGuard dans les champs correspondants :\n<ul class=\"wp-block-list\">\n<li>Pour AdGuard DNS (non filtr\u00e9) :\n<ul class=\"wp-block-list\">\n<li>Serveur DNS primaire : 94.140.14.14<\/li>\n\n\n\n<li>Serveur DNS secondaire : 94.140.15.15<\/li>\n<\/ul>\n<\/li>\n\n\n\n<li>Pour AdGuard DNS (filtr\u00e9) :\n<ul class=\"wp-block-list\">\n<li>Serveur DNS primaire : 94.140.14.15<\/li>\n\n\n\n<li>Serveur DNS secondaire : 94.140.15.16<\/li>\n<\/ul>\n<\/li>\n\n\n\n<li>Pour AdGuard DNS Family Protection :\n<ul class=\"wp-block-list\">\n<li>Serveur DNS primaire : 94.140.14.140<\/li>\n\n\n\n<li>Serveur DNS secondaire : 94.140.15.141<\/li>\n<\/ul>\n<\/li>\n<\/ul>\n<\/li>\n\n\n\n<li>Cliquez sur \u00ab\u00a0Appliquer\u00a0\u00bb, \u00ab\u00a0Enregistrer\u00a0\u00bb ou \u00ab\u00a0Valider\u00a0\u00bb pour enregistrer les modifications.<\/li>\n<\/ol>\n\n\n\n<p>\u00c9tape 4 : Red\u00e9marrez votre routeur<\/p>\n\n\n\n<ol class=\"wp-block-list\">\n<li>Pour que les modifications prennent effet, red\u00e9marrez votre routeur en le d\u00e9branchant de la prise \u00e9lectrique, en attendant quelques secondes, puis en le rebranchant.<\/li>\n<\/ol>\n\n\n\n<p>F\u00e9licitations ! Vous avez configur\u00e9 avec succ\u00e8s AdGuard DNS sur votre routeur Proximus. Tous les appareils connect\u00e9s \u00e0 votre r\u00e9seau Wi-Fi b\u00e9n\u00e9ficieront d\u00e9sormais d&rsquo;une navigation plus s\u00e9curis\u00e9e et prot\u00e9g\u00e9e contre les menaces en ligne.<br><br>Article r\u00e9dig\u00e9 par ChatGPT-4<br>Images \u00e0 venir<\/p>\n","protected":false},"excerpt":{"rendered":"<p><span class=\"span-reading-time rt-reading-time\" style=\"display: block;\"><span class=\"rt-label rt-prefix\">Temps de lecture\u00a0: <\/span> <span class=\"rt-time\"> 2<\/span> <span class=\"rt-label rt-postfix\">minutes<\/span><\/span>Voici un tutoriel \u00e9tape par \u00e9tape pour configurer AdGuard DNS sur un routeur Proximus. Avant de commencer, veuillez noter que les interfaces et les \u00e9tapes peuvent l\u00e9g\u00e8rement varier en fonction du mod\u00e8le sp\u00e9cifique de votre routeur. Vous devrez \u00e9galement avoir les identifiants d&rsquo;administration de votre routeur pour acc\u00e9der \u00e0 l&rsquo;interface de configuration. \u00c9tape 1 : &hellip; <\/p>\n<p class=\"link-more\"><a href=\"https:\/\/bebomatic.be\/?page_id=965\" class=\"more-link\">Continuer la lecture <span class=\"screen-reader-text\"> \u00ab\u00a0Comment configurer les DNS sur un routeur Proximus et ainsi prot\u00e9ger toutes les personnes connect\u00e9es \u00e0 votre r\u00e9seau\u00a0\u00bb<\/span><\/a><\/p>\n","protected":false},"author":1,"featured_media":0,"parent":0,"menu_order":0,"comment_status":"closed","ping_status":"closed","template":"","meta":{"footnotes":""},"class_list":["post-965","page","type-page","status-publish","hentry","entry"],"_links":{"self":[{"href":"https:\/\/bebomatic.be\/index.php?rest_route=\/wp\/v2\/pages\/965","targetHints":{"allow":["GET"]}}],"collection":[{"href":"https:\/\/bebomatic.be\/index.php?rest_route=\/wp\/v2\/pages"}],"about":[{"href":"https:\/\/bebomatic.be\/index.php?rest_route=\/wp\/v2\/types\/page"}],"author":[{"embeddable":true,"href":"https:\/\/bebomatic.be\/index.php?rest_route=\/wp\/v2\/users\/1"}],"replies":[{"embeddable":true,"href":"https:\/\/bebomatic.be\/index.php?rest_route=%2Fwp%2Fv2%2Fcomments&post=965"}],"version-history":[{"count":1,"href":"https:\/\/bebomatic.be\/index.php?rest_route=\/wp\/v2\/pages\/965\/revisions"}],"predecessor-version":[{"id":966,"href":"https:\/\/bebomatic.be\/index.php?rest_route=\/wp\/v2\/pages\/965\/revisions\/966"}],"wp:attachment":[{"href":"https:\/\/bebomatic.be\/index.php?rest_route=%2Fwp%2Fv2%2Fmedia&parent=965"}],"curies":[{"name":"wp","href":"https:\/\/api.w.org\/{rel}","templated":true}]}}